{"id":2,"date":"2017-11-24T18:21:13","date_gmt":"2017-11-24T17:21:13","guid":{"rendered":"http:\/\/priammeble.pl\/?page_id=2"},"modified":"2020-08-25T12:14:27","modified_gmt":"2020-08-25T10:14:27","slug":"pliki_cookie","status":"publish","type":"page","link":"https:\/\/priammeble.pl\/index.php\/pliki_cookie\/","title":{"rendered":"Polityka plik\u00f3w cookie"},"content":{"rendered":"<p>Serwis nie zbiera w spos\u00f3b automatyczny \u017cadnych informacji, z wyj\u0105tkiem informacji zawartych w plikach cookies i nag\u0142\u00f3wkach \u017c\u0105dania HTTP.<\/p>\n<p>Podmiotem zamieszczaj\u0105cym na urz\u0105dzeniu ko\u0144cowym u\u017cytkownika portalu pliki cookies oraz uzyskuj\u0105cym do nich dost\u0119p jest Priam s.c.<br \/>\nul. Wincentego Witosa 14, 95-070 Aleksandr\u00f3w \u0141\u00f3dzki.<\/p>\n<h2><\/h2>\n<h2>Czym s\u0105 pliki COOKIE?<\/h2>\n<ol>\n<li>Pliki cookies (tzw. \u201eciasteczka\u201d) stanowi\u0105 dane informatyczne, w szczeg\u00f3lno\u015bci ma\u0142e pliki tekstowe, kt\u00f3re przechowywane s\u0105 w urz\u0105dzeniu ko\u0144cowym (komputerze lub urz\u0105dzeniu przeno\u015bnym) u\u017cytkownika portalu. Cookies zawieraj\u0105 nazw\u0119 strony internetowej, z kt\u00f3rej pochodz\u0105, czas przechowywania ich na urz\u0105dzeniu ko\u0144cowym oraz unikalny numer identyfikuj\u0105cy sesj\u0119 u\u017cytkownika. urz\u0105dzenie U\u017cytkownika Serwisu i odpowiednio wy\u015bwietli\u0107 stron\u0119 internetow\u0105, dostosowan\u0105 do jego indywidualnych potrzeb;<\/li>\n<li>W ramach portalu stosowane s\u0105 dwa zasadnicze rodzaje plik\u00f3w cookies: \u201esesyjne\u201d (session cookies) oraz \u201esta\u0142e\u201d (persistent cookies). Cookies \u201esesyjne\u201d s\u0105 plikami tymczasowymi, kt\u00f3re przechowywane s\u0105 w urz\u0105dzeniu ko\u0144cowym U\u017cytkownika do czasu opuszczenia strony internetowej lub wy\u0142\u0105czenia oprogramowania (przegl\u0105darki internetowej). \u201eSta\u0142e\u201d pliki cookies przechowywane s\u0105 w urz\u0105dzeniu ko\u0144cowym u\u017cytkownika przez czas okre\u015blony w parametrach plik\u00f3w cookies lub do czasu ich usuni\u0119cia przez u\u017cytkownika.<\/li>\n<\/ol>\n<p>&nbsp;<\/p>\n<h2>Jak u\u017cywamy plik\u00f3w cookie?<\/h2>\n<p>Pliki cookies wykorzystywane w portalu s\u0105 w celu:<\/p>\n<ol>\n<li>Funkcjonalnym &#8211; dostosowania zawarto\u015bci stron internetowych portalu do preferencji u\u017cytkownika oraz optymalizacji korzystania ze stron internetowych. Poniewa\u017c pliki te pozwalaj\u0105 rozpozna\u0107 urz\u0105dzenie u\u017cytkownika portalu, to s\u0105 w stanie odpowiednio wy\u015bwietli\u0107 stron\u0119 internetow\u0105, dostosowan\u0105 do jego indywidualnych potrzeb np. w zakresie wybranego regionu, rozmiaru czcionki, itp.;<\/li>\n<li>Zapewnienia bezpiecze\u0144stwa, poprzez wykorzystywane do wykrywania nadu\u017cy\u0107 w dost\u0119pie do portalu;<\/li>\n<li>Reklamowym &#8211; profilowania u\u017cytkownik\u00f3w celem dostarczania wycelowanych tre\u015bci reklamowych dostosowanych do ich zainteresowa\u0144. Pliki cookies wykorzystywane mog\u0105 by\u0107 r\u00f3wnie\u017c przez wsp\u00f3\u0142pracuj\u0105cych z operatorem portalu reklamodawc\u00f3w oraz partner\u00f3w jak Google.<\/li>\n<li>Utrzymania sesji u\u017cytkownika portalu, dzi\u0119ki kt\u00f3rej u\u017cytkownik nie musi na ka\u017cdej podstronie portalu ponownie wpisywa\u0107 danych uwierzytelniaj\u0105cych lub danych zwi\u0105zanych z realizacj\u0105 proces\u00f3w transakcyjnych. Dzi\u0119ki temu u\u017cytkownik nie musi wpisywa\u0107 tych samych informacji za ka\u017cdym razem, gdy powr\u00f3ci na t\u0119 stron\u0119 lub przejdzie z jednej strony na inn\u0105.<\/li>\n<\/ol>\n<p>&nbsp;<\/p>\n<h2>Jak kontrolowa\u0107 pliki cookie?<\/h2>\n<p>Pliki cookie mo\u017cna samodzielnie kontrolowa\u0107 i usuwa\u0107. Mo\u017cna usun\u0105\u0107 wszystkie pliki cookie zamieszczone na swoim komputerze, a w wi\u0119kszo\u015bci przegl\u0105darek wybra\u0107 ustawienie, kt\u00f3re uniemo\u017cliwia instalowanie tych plik\u00f3w. W takim przypadku mo\u017ce si\u0119 okaza\u0107 konieczne dostosowanie niekt\u00f3rych preferencji przy ka\u017cdej wizycie na danej stronie, a cz\u0119\u015b\u0107 opcji i us\u0142ug w portalu mo\u017ce by\u0107 niedost\u0119pna. Celem uzyskania pomocy jak wy\u0142\u0105czy\u0107 \/ usun\u0105\u0107 cookies wpisz s\u0142owa kluczowe &#8220;jak wy\u0142\u0105czy\u0107 cookies&#8221; w dowolnej wyszukiwarce internetowej.<\/p>\n","protected":false},"excerpt":{"rendered":"<p>Serwis nie zbiera w spos\u00f3b automatyczny \u017cadnych informacji, z wyj\u0105tkiem informacji zawartych w plikach cookies i nag\u0142\u00f3wkach \u017c\u0105dania HTTP. Podmiotem zamieszczaj\u0105cym na urz\u0105dzeniu ko\u0144cowym u\u017cytkownika portalu pliki cookies oraz uzyskuj\u0105cym do nich dost\u0119p jest Priam s.c. ul. Wincentego Witosa 14, 95-070 Aleksandr\u00f3w \u0141\u00f3dzki. Czym s\u0105 pliki COOKIE? Pliki cookies (tzw. \u201eciasteczka\u201d) stanowi\u0105 dane informatyczne, w &hellip; <a href=\"https:\/\/priammeble.pl\/index.php\/pliki_cookie\/\" class=\"more-link\">Continue reading <span class=\"screen-reader-text\">Polityka plik\u00f3w cookie<\/span><\/a><\/p>\n","protected":false},"author":1,"featured_media":0,"parent":0,"menu_order":0,"comment_status":"closed","ping_status":"closed","template":"","meta":{"footnotes":""},"class_list":["post-2","page","type-page","status-publish","hentry"],"_links":{"self":[{"href":"https:\/\/priammeble.pl\/index.php\/wp-json\/wp\/v2\/pages\/2","targetHints":{"allow":["GET"]}}],"collection":[{"href":"https:\/\/priammeble.pl\/index.php\/wp-json\/wp\/v2\/pages"}],"about":[{"href":"https:\/\/priammeble.pl\/index.php\/wp-json\/wp\/v2\/types\/page"}],"author":[{"embeddable":true,"href":"https:\/\/priammeble.pl\/index.php\/wp-json\/wp\/v2\/users\/1"}],"replies":[{"embeddable":true,"href":"https:\/\/priammeble.pl\/index.php\/wp-json\/wp\/v2\/comments?post=2"}],"version-history":[{"count":5,"href":"https:\/\/priammeble.pl\/index.php\/wp-json\/wp\/v2\/pages\/2\/revisions"}],"predecessor-version":[{"id":270,"href":"https:\/\/priammeble.pl\/index.php\/wp-json\/wp\/v2\/pages\/2\/revisions\/270"}],"wp:attachment":[{"href":"https:\/\/priammeble.pl\/index.php\/wp-json\/wp\/v2\/media?parent=2"}],"curies":[{"name":"wp","href":"https:\/\/api.w.org\/{rel}","templated":true}]}}